{"id":13,"date":"2016-10-10T09:38:32","date_gmt":"2016-10-10T09:38:32","guid":{"rendered":"http:\/\/steildach-technik.de\/?page_id=13"},"modified":"2025-02-28T08:47:42","modified_gmt":"2025-02-28T08:47:42","slug":"schulungen","status":"publish","type":"page","link":"https:\/\/steildach-technik.eu\/en\/schulungen\/","title":{"rendered":"training"},"content":{"rendered":"<section class=\"u-clearfix u-section-2\" id=\"sec-0696\">\n      <div class=\"u-clearfix u-sheet u-sheet-1\">\n        <div class=\"u-clearfix u-expanded-width u-layout-wrap u-layout-wrap-1\">\n          <div class=\"u-layout\">\n            <div class=\"u-layout-row\">\n              <div class=\"u-container-align-center u-container-style u-image u-layout-cell u-size-30 u-image-1\" data-image-width=\"2000\" data-image-height=\"1333\" style=\"background-image: url(&quot;https:\/\/steildach-technik.eu\/wp-content\/uploads\/2023\/03\/Depositphotos_569093318_L.jpg&quot;);\">\n                <div class=\"u-container-layout u-container-layout-1\"><\/div>\n              <\/div>\n              <div class=\"u-container-style u-layout-cell u-size-30 u-layout-cell-2\">\n                <div class=\"u-container-layout u-container-layout-2\">\n                  <h2 class=\"u-text u-text-default u-text-1\">Knowledge helps!<\/h2>\n                  <p class=\"u-text u-text-default u-text-2\"> With the right expertise, you can provide tailored advice and maintain consistent quality standards, earning the trust of your customers.&nbsp;<br>\n                    <br>A deep understanding of materials, their production, and installation enhances planning, sales, manufacturing, and craftsmanship. Raising awareness of potential mistakes\u2014from decision-making to on-site execution\u2014sharpens attention to detail. The technical regulations of each country ensure legal certainty and reliability.\n                  <\/p>\n                <\/div>\n              <\/div>\n            <\/div>\n          <\/div>\n        <\/div>\n        <div class=\"u-clearfix u-expanded-width u-layout-wrap u-layout-wrap-2\">\n          <div class=\"u-layout\">\n            <div class=\"u-layout-row\">\n              <div class=\"u-container-style u-layout-cell u-size-30 u-layout-cell-3\">\n                <div class=\"u-container-layout u-container-layout-3\">\n                  <p class=\"u-text u-text-default u-text-3 translation-block\"><span style=\"font-weight: 700\">Lectures <\/span>I provide personalized training for your team. My lectures cover my field of expertise and can be tailored to your specific needs.<br><br>\n<span style=\"font-weight: 700\">E-Learning.<\/span> For maximum flexibility, I offer digital self-paced courses, currently available in German. Upon request, and with a lead time, they can be provided in other languages. These courses help accommodate individual learning preferences while ensuring consistent knowledge within your team.<\/p>\n                <\/div>\n              <\/div>\n              <div class=\"u-container-align-center u-container-style u-image u-layout-cell u-size-30 u-image-2\" data-image-width=\"2000\" data-image-height=\"1356\" style=\"background-image: url(&quot;https:\/\/steildach-technik.eu\/wp-content\/uploads\/2023\/03\/Depositphotos_102501914_L.jpg&quot;);\">\n                <div class=\"u-container-layout u-container-layout-4\"><\/div>\n              <\/div>\n            <\/div>\n          <\/div>\n        <\/div>\n        <div class=\"data-layout-selected u-clearfix u-expanded-width u-layout-wrap u-layout-wrap-3\">\n          <div class=\"u-layout\">\n            <div class=\"u-layout-row\">\n              <div class=\"u-container-align-center u-container-style u-image u-layout-cell u-size-30 u-image-3\" data-image-width=\"1247\" data-image-height=\"699\" style=\"background-image: url(&quot;https:\/\/steildach-technik.eu\/wp-content\/uploads\/2023\/03\/2023-03-1413_40_55-ArticulateStoryline-DEMO_UnterDachundFach_First_Chapter-DachzweiAnsicht.png&quot;);\">\n                <div class=\"u-container-layout u-container-layout-5\"><\/div>\n              <\/div>\n              <div class=\"u-container-style u-layout-cell u-size-30 u-layout-cell-6\">\n                <div class=\"u-container-layout u-container-layout-6\">\n                  <h2 class=\"u-text u-text-4 translation-block\"><span style=\"font-size: 1.875rem\"> Contact us for training consultation<br>\n                    <\/span><\/h2>\n                  <p class=\"u-text u-text-5 translation-block\">If you're interested in personalized training or need advice on the best learning solutions for your team, don't hesitate to get in touch. We are happy to discuss your specific needs and find the best approach to support your team's development. Reach out today for a consultation!<br><br>\n\n<a href=\"mailto:schulung@steildach-technik.eu\">\u00adschulung@steildach-technik.eu<\/a><\/p>\n                <\/div>\n              <\/div>\n            <\/div>\n          <\/div>\n        <\/div>\n      <\/div>\n    <\/section>","protected":false},"excerpt":{"rendered":"<p>Wissen hilft! Mit dem richtigen Know-How \u00fcberzeugen Sie Ihre Kundschaft mit bedarfsgerechter Beratung und stetigen Qualit\u00e4tsstandards.&nbsp; Ein fundiertes Wissen \u00fcber die Materialien, deren Herstellung und Montage unterst\u00fctzt Planung, Verkauf, Produktion und Handwerk. Die Folgen von Fehlern von der Entscheidung bis hin zur Anbindung vor Ort sensibilisieren die Zuh\u00f6renden. Die Fachregeln der einzelnen L\u00e4nder schaffen Rechtssicherheit\u2026 &hellip; <a href=\"https:\/\/steildach-technik.eu\/en\/schulungen\/\" class=\"more-link\">Continue reading<span class=\"screen-reader-text\"> &#8222;Schulungen&#8220;<\/span><\/a><\/p>","protected":false},"author":1,"featured_media":0,"parent":0,"menu_order":0,"comment_status":"closed","ping_status":"closed","template":"templates\/post.php","meta":{"footnotes":""},"class_list":["post-13","page","type-page","status-publish","hentry"],"_links":{"self":[{"href":"https:\/\/steildach-technik.eu\/en\/wp-json\/wp\/v2\/pages\/13","targetHints":{"allow":["GET"]}}],"collection":[{"href":"https:\/\/steildach-technik.eu\/en\/wp-json\/wp\/v2\/pages"}],"about":[{"href":"https:\/\/steildach-technik.eu\/en\/wp-json\/wp\/v2\/types\/page"}],"author":[{"embeddable":true,"href":"https:\/\/steildach-technik.eu\/en\/wp-json\/wp\/v2\/users\/1"}],"replies":[{"embeddable":true,"href":"https:\/\/steildach-technik.eu\/en\/wp-json\/wp\/v2\/comments?post=13"}],"version-history":[{"count":12,"href":"https:\/\/steildach-technik.eu\/en\/wp-json\/wp\/v2\/pages\/13\/revisions"}],"predecessor-version":[{"id":271,"href":"https:\/\/steildach-technik.eu\/en\/wp-json\/wp\/v2\/pages\/13\/revisions\/271"}],"wp:attachment":[{"href":"https:\/\/steildach-technik.eu\/en\/wp-json\/wp\/v2\/media?parent=13"}],"curies":[{"name":"wp","href":"https:\/\/api.w.org\/{rel}","templated":true}]}}