{"id":5,"date":"2016-10-10T09:37:31","date_gmt":"2016-10-10T09:37:31","guid":{"rendered":"http:\/\/steildach-technik.de\/?page_id=5"},"modified":"2023-02-27T18:20:42","modified_gmt":"2023-02-27T18:20:42","slug":"gutachten","status":"publish","type":"page","link":"https:\/\/steildach-technik.eu\/en\/gutachten\/","title":{"rendered":"Report"},"content":{"rendered":"<section class=\"u-clearfix u-section-2\" id=\"sec-a670\">\n      <img decoding=\"async\" class=\"u-expanded-width u-image u-image-default u-image-1\" src=\"https:\/\/steildach-technik.eu\/wp-content\/uploads\/2016\/10\/Wasserschaden.jpg\" alt=\"\" data-image-width=\"1920\" data-image-height=\"650\">\n      <h3 class=\"u-align-center u-text u-text-1\"> Objectively determining the cause of damage creates clarity and security!&nbsp;<\/h3>\n      <div class=\"u-clearfix u-layout-wrap u-layout-wrap-1\">\n        <div class=\"u-layout\">\n          <div class=\"u-layout-row\">\n            <div class=\"u-container-style u-layout-cell u-size-30 u-layout-cell-1\">\n              <div class=\"u-container-layout u-valign-top u-container-layout-1\">\n                <h2 class=\"u-text u-text-default u-text-2\"> For builders<\/h2>\n                <p class=\"u-text u-text-default u-text-3\"> Damage caused by using the wrong material or improper processing quickly costs money. As an expert, I determine the cause of the existing problem and explain your options to you. I experience major damage caused by material fatigue more and more frequently. Due to a modification of the prescribed test procedures, materials have often been used in the last 10 years that are not suitable in the long term. I see processing errors more and more frequently. There are various ways of making recourse claims. You can find out what chances you have and which procedure is best suited to you in a consultation.<\/p>\n              <\/div>\n            <\/div>\n            <div class=\"u-container-style u-layout-cell u-size-30 u-layout-cell-2\">\n              <div class=\"u-container-layout u-valign-top u-container-layout-2\">\n                <h2 class=\"u-text u-text-default u-text-4\"> For the craft<\/h2>\n                <p class=\"u-text u-text-default u-text-5\"> Defaulting customers who complain about your work or unfounded recourse claims often pose serious financial problems for craftsmen. An independent appraiser can often work wonders here. It is often necessary to determine who is to blame for a problem and who is not. In most cases, the executing craftsman is prosecuted in the event of a defect, even if the problem is to be found with the manufacturer of the material or with the planning. A consultation helps in many cases - often an agreement is reached without the financial expense of an expert opinion.<\/p>\n              <\/div>\n            <\/div>\n          <\/div>\n        <\/div>\n      <\/div>\n    <\/section>","protected":false},"excerpt":{"rendered":"<p>Objektiv den Grund eines Schadens zu ermitteln schafft Klarheit und Sicherheit!&nbsp; F\u00fcr Bauherren Ein Schaden durch die Verwendung des falschen Materials oder die nicht fachgerechte Verarbeitung geht schnell ins Geld. Als Sachverst\u00e4ndiger ermittle ich die Ursache des bestehenden Problems und erl\u00e4utere Ihnen Ihre&nbsp;M\u00f6glichkeiten.Immer h\u00e4ufiger erlebe ich gro\u00dfe Sch\u00e4den, die durch Materialerm\u00fcdung hervorgerufen werden. Durch eine &hellip; <a href=\"https:\/\/steildach-technik.eu\/en\/gutachten\/\" class=\"more-link\">Continue reading<span class=\"screen-reader-text\"> &#8222;Gutachten&#8220;<\/span><\/a><\/p>","protected":false},"author":1,"featured_media":0,"parent":0,"menu_order":0,"comment_status":"closed","ping_status":"closed","template":"","meta":{"footnotes":""},"class_list":["post-5","page","type-page","status-publish","hentry"],"_links":{"self":[{"href":"https:\/\/steildach-technik.eu\/en\/wp-json\/wp\/v2\/pages\/5","targetHints":{"allow":["GET"]}}],"collection":[{"href":"https:\/\/steildach-technik.eu\/en\/wp-json\/wp\/v2\/pages"}],"about":[{"href":"https:\/\/steildach-technik.eu\/en\/wp-json\/wp\/v2\/types\/page"}],"author":[{"embeddable":true,"href":"https:\/\/steildach-technik.eu\/en\/wp-json\/wp\/v2\/users\/1"}],"replies":[{"embeddable":true,"href":"https:\/\/steildach-technik.eu\/en\/wp-json\/wp\/v2\/comments?post=5"}],"version-history":[{"count":6,"href":"https:\/\/steildach-technik.eu\/en\/wp-json\/wp\/v2\/pages\/5\/revisions"}],"predecessor-version":[{"id":192,"href":"https:\/\/steildach-technik.eu\/en\/wp-json\/wp\/v2\/pages\/5\/revisions\/192"}],"wp:attachment":[{"href":"https:\/\/steildach-technik.eu\/en\/wp-json\/wp\/v2\/media?parent=5"}],"curies":[{"name":"wp","href":"https:\/\/api.w.org\/{rel}","templated":true}]}}