{"id":9,"date":"2016-10-10T09:38:13","date_gmt":"2016-10-10T09:38:13","guid":{"rendered":"http:\/\/steildach-technik.de\/?page_id=9"},"modified":"2025-04-30T12:27:23","modified_gmt":"2025-04-30T12:27:23","slug":"kontakt","status":"publish","type":"page","link":"https:\/\/steildach-technik.eu\/en\/kontakt\/","title":{"rendered":"contact"},"content":{"rendered":"<section class=\"u-clearfix u-grey-5 u-section-2\" id=\"sec-b3f1\">\n      <div class=\"u-clearfix u-sheet u-sheet-1\">\n        <div class=\"data-layout-selected u-clearfix u-expanded-width u-layout-wrap u-layout-wrap-1\">\n          <div class=\"u-layout\">\n            <div class=\"u-layout-row\">\n              <div class=\"u-size-27-lg u-size-27-md u-size-27-sm u-size-27-xs u-size-30-xl\">\n                <div class=\"u-layout-col\">\n                  <div class=\"u-container-style u-layout-cell u-left-cell u-size-60 u-layout-cell-1\">\n                    <div class=\"u-container-layout u-container-layout-1\">\n                      <h2 class=\"u-text u-text-1\">Send a Notice<\/h2>\n                      <p class=\"u-text u-text-default u-text-2\"><span style=\"font-weight: 700;\"> Expert office pitched roof<\/span>\n                        <br>Martin Peifer<br>Hei\u00dfenbergstra\u00dfe\u00a061<br>66851 Queidersbach<br>\n                        <br>phone +49 (0) 6371 \u2013 91 54 80<br>fax +49 (0) 6371 \u2013 91 54 81<br>mobile +49 (0) 171 \u2013 47 414 85<br>\n                        <br>\n                        <a href=\"mailto:info@steildach-technik.eu\" class=\"u-active-none u-border-none u-btn u-button-style u-hover-none u-none u-text-palette-1-base u-btn-1\">info@steildach-technik.eu<\/a>\n                      <\/p>\n                    <\/div>\n                  <\/div>\n                <\/div>\n              <\/div>\n              <div class=\"u-size-30-xl u-size-33-lg u-size-33-md u-size-33-sm u-size-33-xs\">\n                <div class=\"u-layout-col\">\n                  <div class=\"u-container-style u-layout-cell u-right-cell u-size-30 u-layout-cell-2\">\n                    <div class=\"u-container-layout u-container-layout-2\"><\/div>\n                  <\/div>\n                  <div class=\"u-container-style u-layout-cell u-right-cell u-size-30 u-layout-cell-3\">\n                    <div class=\"u-container-layout u-valign-top u-container-layout-3\">\n                      <div class=\"u-form u-form-1\">\n                        <form action=\"https:\/\/forms.nicepagesrv.com\/v2\/form\/process\" class=\"u-clearfix u-form-spacing-10 u-form-vertical u-inner-form\" style=\"padding: 10px\" source=\"email\" name=\"form-4\">\n                          <div class=\"u-form-group u-form-name u-label-left\">\n                            <label for=\"name-e2a4\" class=\"u-label\">Name<\/label>\n                            <input type=\"text\" placeholder=\"Please enter your name\" id=\"name-e2a4\" name=\"name\" class=\"u-input u-input-rectangle\" required=\"\">\n                          <\/div>\n                          <div class=\"u-form-email u-form-group u-label-left\">\n                            <label for=\"email-e2a4\" class=\"u-label\">email<\/label>\n                            <input type=\"email\" placeholder=\"Please enter a valid email address\" id=\"email-e2a4\" name=\"email\" class=\"u-input u-input-rectangle\" required=\"\">\n                          <\/div>\n                          <div class=\"u-form-group u-form-message u-label-left\">\n                            <label for=\"message-e2a4\" class=\"u-label\">Notice<\/label>\n                            <textarea placeholder=\"Your Notice\" rows=\"4\" cols=\"50\" id=\"message-e2a4\" name=\"message\" class=\"u-input u-input-rectangle\" required=\"\"><\/textarea>\n                          <\/div>\n                          <div class=\"u-form-checkbox u-form-group u-label-left u-form-group-4\">\n                            <input type=\"checkbox\" id=\"checkbox-10d4\" name=\"checkbox\" value=\"On\" class=\"u-field-input\" required=\"required\">\n                            <label for=\"checkbox-10d4\" class=\"u-field-label\"> GDPR Consent*<br>I consent to having this website store my submitted information so they can respond to my request.\n                            <\/label>\n                          <\/div>\n                          <div class=\"u-align-left u-form-group u-form-submit\">\n                            <a href=\"#\" class=\"u-btn u-btn-submit u-button-style u-palette-2-base u-btn-2\">sent<\/a>\n                            <input type=\"submit\" value=\"submit\" class=\"u-form-control-hidden\">\n                          <\/div>\n                          <div class=\"u-form-send-message u-form-send-success\">Thank your for your email<\/div>\n                          <div class=\"u-form-send-error u-form-send-message\">Your message could not be sent. Please try again!<\/div>\n                          <input type=\"hidden\" value=\"\" name=\"recaptchaResponse\">\n                          <input type=\"hidden\" name=\"formServices\" value=\"adf74f09-bd20-0f6d-861a-708078f604b3\">\n                          <input type=\"hidden\" name=\"siteKey\" value=\"6Lf8pikrAAAAAAHSFGYBuUAB58LDi5HxLrbAKUd3\">\n                        <\/form>\n                      <\/div>\n                    <\/div>\n                  <\/div>\n                <\/div>\n              <\/div>\n            <\/div>\n          <\/div>\n        <\/div>\n      <\/div>\n    <\/section>","protected":false},"excerpt":{"rendered":"<p>Schreiben Sie uns Sachverst\u00e4ndigenb\u00fcro Steildach-Technik Martin PeiferHei\u00dfenbergstra\u00dfe&nbsp;6166851 Queidersbach Telefon +49 (0) 6371 \u2013 91 54 80Telefax +49 (0) 6371 \u2013 91 54 81Mobil +49 (0) 171 \u2013 47 414 85 info@steildach-technik.eu Name Email Nachricht DSGVO-Einverst\u00e4ndnis&nbsp;*Ich willige ein, dass diese Website meine \u00fcbermittelten Informationen speichert, sodass meine Anfrage beantwortet werden kann. Senden Danke f\u00fcr Ihre Nachricht &hellip; <a href=\"https:\/\/steildach-technik.eu\/en\/kontakt\/\" class=\"more-link\">Continue reading<span class=\"screen-reader-text\"> &#8222;Kontakt&#8220;<\/span><\/a><\/p>","protected":false},"author":1,"featured_media":0,"parent":0,"menu_order":0,"comment_status":"closed","ping_status":"closed","template":"","meta":{"footnotes":""},"class_list":["post-9","page","type-page","status-publish","hentry"],"_links":{"self":[{"href":"https:\/\/steildach-technik.eu\/en\/wp-json\/wp\/v2\/pages\/9","targetHints":{"allow":["GET"]}}],"collection":[{"href":"https:\/\/steildach-technik.eu\/en\/wp-json\/wp\/v2\/pages"}],"about":[{"href":"https:\/\/steildach-technik.eu\/en\/wp-json\/wp\/v2\/types\/page"}],"author":[{"embeddable":true,"href":"https:\/\/steildach-technik.eu\/en\/wp-json\/wp\/v2\/users\/1"}],"replies":[{"embeddable":true,"href":"https:\/\/steildach-technik.eu\/en\/wp-json\/wp\/v2\/comments?post=9"}],"version-history":[{"count":7,"href":"https:\/\/steildach-technik.eu\/en\/wp-json\/wp\/v2\/pages\/9\/revisions"}],"predecessor-version":[{"id":279,"href":"https:\/\/steildach-technik.eu\/en\/wp-json\/wp\/v2\/pages\/9\/revisions\/279"}],"wp:attachment":[{"href":"https:\/\/steildach-technik.eu\/en\/wp-json\/wp\/v2\/media?parent=9"}],"curies":[{"name":"wp","href":"https:\/\/api.w.org\/{rel}","templated":true}]}}